{"id":299,"date":"2026-04-29T23:22:30","date_gmt":"2026-04-29T23:22:30","guid":{"rendered":"https:\/\/tierbusinessconsulting.com\/?page_id=299"},"modified":"2026-04-30T00:46:16","modified_gmt":"2026-04-30T00:46:16","slug":"services","status":"publish","type":"page","link":"https:\/\/tierbusinessconsulting.com\/es\/services\/","title":{"rendered":"Servicio"},"content":{"rendered":"<div class=\"wp-block-uagb-container uagb-layout-grid uagb-block-bfe052b1 alignfull uagb-is-root-container\"><div class=\"uagb-container-inner-blocks-wrap\">\n<div class=\"wp-block-uagb-advanced-heading uagb-block-4de6aee5\"><div class=\"uagb-separator\"><\/div><h1 class=\"uagb-heading-text\">Eleva tu perfil de cr\u00e9dito hoy<\/h1><\/div>\n\n\n\n<div class=\"wp-block-uagb-image uagb-block-259aae54 wp-block-uagb-image--layout-default wp-block-uagb-image--effect-static wp-block-uagb-image--align-none\"><figure class=\"wp-block-uagb-image__figure\"><img loading=\"lazy\" decoding=\"async\" srcset=\"https:\/\/tierbusinessconsulting.com\/wp-content\/uploads\/2026\/04\/pexels-photo-32641818.jpeg ,https:\/\/tierbusinessconsulting.com\/wp-content\/uploads\/2026\/04\/pexels-photo-32641818.jpeg 780w, https:\/\/tierbusinessconsulting.com\/wp-content\/uploads\/2026\/04\/pexels-photo-32641818.jpeg 360w\" sizes=\"auto, (max-width: 480px) 150px\" src=\"https:\/\/tierbusinessconsulting.com\/wp-content\/uploads\/2026\/04\/pexels-photo-32641818.jpeg\" alt=\"Close-up image of various credit cards including Visa, Mastercard, and American Express.\" class=\"uag-image-7\" width=\"396\" height=\"380\" title=\"services-img\" role=\"img\"\/><\/figure><\/div>\n<\/div><\/div>\n\n\n\n<div class=\"wp-block-uagb-container uagb-block-f02a1ac0 alignfull uagb-is-root-container\"><div class=\"uagb-container-inner-blocks-wrap\">\n<div class=\"wp-block-uagb-container uagb-layout-grid uagb-block-1f6539c9\">\n<div class=\"wp-block-uagb-image uagb-block-22bf66dd wp-block-uagb-image--layout-default wp-block-uagb-image--effect-static wp-block-uagb-image--align-none\"><figure class=\"wp-block-uagb-image__figure\"><img loading=\"lazy\" decoding=\"async\" srcset=\"https:\/\/tierbusinessconsulting.com\/wp-content\/uploads\/2026\/04\/WhatsApp-Image-2026-04-29-at-20.21.55-1024x739.jpeg ,https:\/\/tierbusinessconsulting.com\/wp-content\/uploads\/2026\/04\/WhatsApp-Image-2026-04-29-at-20.21.55.jpeg 780w, https:\/\/tierbusinessconsulting.com\/wp-content\/uploads\/2026\/04\/WhatsApp-Image-2026-04-29-at-20.21.55.jpeg 360w\" sizes=\"auto, (max-width: 480px) 150px\" src=\"https:\/\/tierbusinessconsulting.com\/wp-content\/uploads\/2026\/04\/WhatsApp-Image-2026-04-29-at-20.21.55-1024x739.jpeg\" alt=\"whatsapp image 2026 04 29 at 20.21.55\" class=\"uag-image-586\" width=\"499\" height=\"340\" title=\"whatsapp image 2026 04 29 at 20.21.55\" role=\"img\"\/><\/figure><\/div>\n\n\n\n<div class=\"wp-block-uagb-advanced-heading uagb-block-7fc15760\"><h2 class=\"uagb-heading-text\">01.<\/h2><\/div>\n\n\n\n<div class=\"wp-block-uagb-advanced-heading uagb-block-d1bf4422\"><h3 class=\"uagb-heading-text\">An\u00e1lisis de cr\u00e9dito<\/h3><p class=\"uagb-desc-text\">Nuestro servicio de an\u00e1lisis de cr\u00e9dito revisa cuidadosamente tu historial crediticio para identificar fortalezas y debilidades, asegurando que comprendas tu situaci\u00f3n financiera actual y c\u00f3mo mejorarla de manera efectiva.<\/p><\/div>\n<\/div>\n\n\n\n<div class=\"wp-block-uagb-container uagb-layout-grid uagb-block-4e23bf70\">\n<div class=\"wp-block-uagb-image uagb-block-5975b480 wp-block-uagb-image--layout-default wp-block-uagb-image--effect-static wp-block-uagb-image--align-none\"><figure class=\"wp-block-uagb-image__figure\"><img loading=\"lazy\" decoding=\"async\" srcset=\"https:\/\/tierbusinessconsulting.com\/wp-content\/uploads\/2026\/04\/WhatsApp-Image-2026-04-29-at-20.16.36-1024x768.jpeg ,https:\/\/tierbusinessconsulting.com\/wp-content\/uploads\/2026\/04\/WhatsApp-Image-2026-04-29-at-20.16.36.jpeg 780w, https:\/\/tierbusinessconsulting.com\/wp-content\/uploads\/2026\/04\/WhatsApp-Image-2026-04-29-at-20.16.36.jpeg 360w\" sizes=\"auto, (max-width: 480px) 150px\" src=\"https:\/\/tierbusinessconsulting.com\/wp-content\/uploads\/2026\/04\/WhatsApp-Image-2026-04-29-at-20.16.36-1024x768.jpeg\" alt=\"whatsapp image 2026 04 29 at 20.16.36\" class=\"uag-image-581\" width=\"500\" height=\"340\" title=\"whatsapp image 2026 04 29 at 20.16.36\" role=\"img\"\/><\/figure><\/div>\n\n\n\n<div class=\"wp-block-uagb-advanced-heading uagb-block-42b1afc3\"><h2 class=\"uagb-heading-text\">02.<\/h2><\/div>\n\n\n\n<div class=\"wp-block-uagb-advanced-heading uagb-block-2b5b97c7\"><h3 class=\"uagb-heading-text\">Optimizaci\u00f3n del cr\u00e9dito<\/h3><p class=\"uagb-desc-text\">Con nuestro servicio de optimizaci\u00f3n de cr\u00e9dito, desarrollamos estrategias personalizadas para mejorar tu puntaje, ayud\u00e1ndote a acceder a mejores opciones de financiamiento y oportunidades para alcanzar tus metas financieras.<\/p><\/div>\n<\/div>\n\n\n\n<div class=\"wp-block-uagb-container uagb-layout-grid uagb-block-75fb60e4\">\n<div class=\"wp-block-group is-layout-constrained wp-block-group-is-layout-constrained\">\n<div class=\"wp-block-uagb-image uagb-block-dec8dc2a wp-block-uagb-image--layout-default wp-block-uagb-image--effect-static wp-block-uagb-image--align-none\"><figure class=\"wp-block-uagb-image__figure\"><img loading=\"lazy\" decoding=\"async\" srcset=\"https:\/\/tierbusinessconsulting.com\/wp-content\/uploads\/2026\/04\/Gemini_Generated_Image_y0obg9y0obg9y0ob-1024x687.png ,https:\/\/tierbusinessconsulting.com\/wp-content\/uploads\/2026\/04\/Gemini_Generated_Image_y0obg9y0obg9y0ob.png 780w, https:\/\/tierbusinessconsulting.com\/wp-content\/uploads\/2026\/04\/Gemini_Generated_Image_y0obg9y0obg9y0ob.png 360w\" sizes=\"auto, (max-width: 480px) 150px\" src=\"https:\/\/tierbusinessconsulting.com\/wp-content\/uploads\/2026\/04\/Gemini_Generated_Image_y0obg9y0obg9y0ob-1024x687.png\" alt=\"gemini generated image y0obg9y0obg9y0ob\" class=\"uag-image-588\" width=\"500\" height=\"340\" title=\"gemini generated image y0obg9y0obg9y0ob\" role=\"img\"\/><\/figure><\/div>\n<\/div>\n\n\n\n<div class=\"wp-block-uagb-advanced-heading uagb-block-e6ec07d4\"><h2 class=\"uagb-heading-text\">03.<\/h2><\/div>\n\n\n\n<div class=\"wp-block-uagb-advanced-heading uagb-block-99c873e0\"><h3 class=\"uagb-heading-text\">Posicionamiento estrat\u00e9gico<\/h3><p class=\"uagb-desc-text\">A trav\u00e9s del posicionamiento estrat\u00e9gico, trabajamos contigo para alinear tu perfil de cr\u00e9dito con tus metas financieras, asegurando que est\u00e9s preparado para futuras inversiones y solicitudes de cr\u00e9dito.<\/p><\/div>\n<\/div>\n\n\n\n<div class=\"wp-block-uagb-container uagb-layout-grid uagb-block-69a1e017\">\n<div class=\"wp-block-uagb-image uagb-block-55e41bb4 wp-block-uagb-image--layout-default wp-block-uagb-image--effect-static wp-block-uagb-image--align-none\"><figure class=\"wp-block-uagb-image__figure\"><img loading=\"lazy\" decoding=\"async\" srcset=\"https:\/\/tierbusinessconsulting.com\/wp-content\/uploads\/2026\/04\/ChatGPT-Image-Apr-29-2026-08_45_50-PM-1024x683.png ,https:\/\/tierbusinessconsulting.com\/wp-content\/uploads\/2026\/04\/ChatGPT-Image-Apr-29-2026-08_45_50-PM.png 780w, https:\/\/tierbusinessconsulting.com\/wp-content\/uploads\/2026\/04\/ChatGPT-Image-Apr-29-2026-08_45_50-PM.png 360w\" sizes=\"auto, (max-width: 480px) 150px\" src=\"https:\/\/tierbusinessconsulting.com\/wp-content\/uploads\/2026\/04\/ChatGPT-Image-Apr-29-2026-08_45_50-PM-1024x683.png\" alt=\"chatgpt image apr 29, 2026, 08 45 50 pm\" class=\"uag-image-590\" width=\"500\" height=\"340\" title=\"chatgpt image apr 29, 2026, 08 45 50 pm\" role=\"img\"\/><\/figure><\/div>\n\n\n\n<div class=\"wp-block-uagb-advanced-heading uagb-block-2d94a4af\"><h2 class=\"uagb-heading-text\">04.<\/h2><\/div>\n\n\n\n<div class=\"wp-block-uagb-advanced-heading uagb-block-0224262a\"><h3 class=\"uagb-heading-text\">Educaci\u00f3n crediticia<\/h3><p class=\"uagb-desc-text\">Nuestro servicio de educaci\u00f3n crediticia te brinda el conocimiento sobre puntajes de cr\u00e9dito, reportes y mejores pr\u00e1cticas, permiti\u00e9ndote tomar decisiones financieras informadas a largo plazo.<\/p><\/div>\n<\/div>\n\n\n\n<div class=\"wp-block-uagb-advanced-heading uagb-block-847f0174\"><div class=\"uagb-separator\"><\/div><h2 class=\"uagb-heading-text\">Nuestro proceso comprobado para el \u00e9xito<\/h2><\/div>\n<\/div><\/div>\n\n\n\n<div class=\"wp-block-uagb-container uagb-layout-grid uagb-block-cd2486f8 alignfull uagb-is-root-container\"><div class=\"uagb-container-inner-blocks-wrap\">\n<div class=\"wp-block-uagb-container uagb-block-680c0089\">\n<div class=\"wp-block-uagb-advanced-heading uagb-block-2c1fc22f\"><p class=\"uagb-heading-text\">Consulta inicial<\/p><p class=\"uagb-desc-text\">Comenzamos con una consulta personalizada uno a uno para evaluar tu historial de cr\u00e9dito y definir claramente tus objetivos financieros.<\/p><\/div>\n<\/div>\n\n\n\n<div class=\"wp-block-uagb-container uagb-block-f6244a01\">\n<div class=\"wp-block-uagb-advanced-heading uagb-block-3e2e789f\"><p class=\"uagb-heading-text\">Revisi\u00f3n detallada de cr\u00e9dito<\/p><p class=\"uagb-desc-text\">A continuaci\u00f3n, realizamos una revisi\u00f3n exhaustiva de tu reporte de cr\u00e9dito, identificando \u00e1reas clave de mejora y estrategias adaptadas a tus necesidades.<\/p><\/div>\n<\/div>\n\n\n\n<div class=\"wp-block-uagb-container uagb-block-0815f89c\">\n<div class=\"wp-block-uagb-advanced-heading uagb-block-4fdc0b6f\"><p class=\"uagb-heading-text\">Plan de implementaci\u00f3n<\/p><p class=\"uagb-desc-text\">Creamos un plan de implementaci\u00f3n paso a paso, brind\u00e1ndote acciones claras para optimizar y fortalecer tu perfil crediticio de manera efectiva.<\/p><\/div>\n<\/div>\n\n\n\n<div class=\"wp-block-uagb-container uagb-block-77ffa57b\">\n<div class=\"wp-block-uagb-advanced-heading uagb-block-3b941aaf\"><p class=\"uagb-heading-text\">Acompa\u00f1amiento continuo<\/p><p class=\"uagb-desc-text\">Nuestro equipo ofrece apoyo y orientaci\u00f3n continua, asegurando que te mantengas en el camino correcto y logres un \u00e9xito duradero en tu proceso crediticio.<\/p><\/div>\n<\/div>\n<\/div><\/div>","protected":false},"excerpt":{"rendered":"<p>Elevate Your Credit Profile Today 01. Credit Analysis Our Credit Analysis service carefully reviews your credit history to identify strengths [&hellip;]<\/p>\n","protected":false},"author":1,"featured_media":0,"parent":0,"menu_order":0,"comment_status":"closed","ping_status":"closed","template":"","meta":{"_uag_custom_page_level_css":"","site-sidebar-layout":"default","site-content-layout":"","ast-site-content-layout":"default","site-content-style":"default","site-sidebar-style":"default","ast-global-header-display":"","ast-banner-title-visibility":"","ast-main-header-display":"","ast-hfb-above-header-display":"","ast-hfb-below-header-display":"","ast-hfb-mobile-header-display":"","site-post-title":"disabled","ast-breadcrumbs-content":"","ast-featured-img":"","footer-sml-layout":"","ast-disable-related-posts":"","theme-transparent-header-meta":"","adv-header-id-meta":"","stick-header-meta":"","header-above-stick-meta":"","header-main-stick-meta":"","header-below-stick-meta":"","astra-migrate-meta-layouts":"default","ast-page-background-enabled":"default","ast-page-background-meta":{"desktop":{"background-color":"var(--ast-global-color-4)","background-image":"","background-repeat":"repeat","background-position":"center center","background-size":"auto","background-attachment":"scroll","background-type":"","background-media":"","overlay-type":"","overlay-color":"","overlay-opacity":"","overlay-gradient":""},"tablet":{"background-color":"","background-image":"","background-repeat":"repeat","background-position":"center center","background-size":"auto","background-attachment":"scroll","background-type":"","background-media":"","overlay-type":"","overlay-color":"","overlay-opacity":"","overlay-gradient":""},"mobile":{"background-color":"","background-image":"","background-repeat":"repeat","background-position":"center center","background-size":"auto","background-attachment":"scroll","background-type":"","background-media":"","overlay-type":"","overlay-color":"","overlay-opacity":"","overlay-gradient":""}},"ast-content-background-meta":{"desktop":{"background-color":"var(--ast-global-color-5)","background-image":"","background-repeat":"repeat","background-position":"center center","background-size":"auto","background-attachment":"scroll","background-type":"","background-media":"","overlay-type":"","overlay-color":"","overlay-opacity":"","overlay-gradient":""},"tablet":{"background-color":"var(--ast-global-color-5)","background-image":"","background-repeat":"repeat","background-position":"center center","background-size":"auto","background-attachment":"scroll","background-type":"","background-media":"","overlay-type":"","overlay-color":"","overlay-opacity":"","overlay-gradient":""},"mobile":{"background-color":"var(--ast-global-color-5)","background-image":"","background-repeat":"repeat","background-position":"center center","background-size":"auto","background-attachment":"scroll","background-type":"","background-media":"","overlay-type":"","overlay-color":"","overlay-opacity":"","overlay-gradient":""}},"footnotes":""},"class_list":["post-299","page","type-page","status-publish","hentry"],"uagb_featured_image_src":{"full":false,"thumbnail":false,"medium":false,"medium_large":false,"large":false,"1536x1536":false,"2048x2048":false,"trp-custom-language-flag":false},"uagb_author_info":{"display_name":"tbc15","author_link":"https:\/\/tierbusinessconsulting.com\/es\/author\/tbc15\/"},"uagb_comment_info":0,"uagb_excerpt":"Elevate Your Credit Profile Today 01. Credit Analysis Our Credit Analysis service carefully reviews your credit history to identify strengths [&hellip;]","_links":{"self":[{"href":"https:\/\/tierbusinessconsulting.com\/es\/wp-json\/wp\/v2\/pages\/299","targetHints":{"allow":["GET"]}}],"collection":[{"href":"https:\/\/tierbusinessconsulting.com\/es\/wp-json\/wp\/v2\/pages"}],"about":[{"href":"https:\/\/tierbusinessconsulting.com\/es\/wp-json\/wp\/v2\/types\/page"}],"author":[{"embeddable":true,"href":"https:\/\/tierbusinessconsulting.com\/es\/wp-json\/wp\/v2\/users\/1"}],"replies":[{"embeddable":true,"href":"https:\/\/tierbusinessconsulting.com\/es\/wp-json\/wp\/v2\/comments?post=299"}],"version-history":[{"count":4,"href":"https:\/\/tierbusinessconsulting.com\/es\/wp-json\/wp\/v2\/pages\/299\/revisions"}],"predecessor-version":[{"id":591,"href":"https:\/\/tierbusinessconsulting.com\/es\/wp-json\/wp\/v2\/pages\/299\/revisions\/591"}],"wp:attachment":[{"href":"https:\/\/tierbusinessconsulting.com\/es\/wp-json\/wp\/v2\/media?parent=299"}],"curies":[{"name":"wp","href":"https:\/\/api.w.org\/{rel}","templated":true}]}}