{"id":298,"date":"2026-04-29T23:22:10","date_gmt":"2026-04-29T23:22:10","guid":{"rendered":"https:\/\/tierbusinessconsulting.com\/?page_id=298"},"modified":"2026-04-29T23:22:36","modified_gmt":"2026-04-29T23:22:36","slug":"about","status":"publish","type":"page","link":"https:\/\/tierbusinessconsulting.com\/es\/about\/","title":{"rendered":"Acerca de"},"content":{"rendered":"<div class=\"wp-block-uagb-container uagb-layout-grid uagb-block-bfe052b1 alignfull uagb-is-root-container\"><div class=\"uagb-container-inner-blocks-wrap\">\n<div class=\"wp-block-uagb-advanced-heading uagb-block-4de6aee5\"><div class=\"uagb-separator\"><\/div><h1 class=\"uagb-heading-text\">Impulsando tu futuro financiero<\/h1><\/div>\n\n\n\n<div class=\"wp-block-uagb-image uagb-block-259aae54 wp-block-uagb-image--layout-default wp-block-uagb-image--effect-static wp-block-uagb-image--align-none\"><figure class=\"wp-block-uagb-image__figure\"><img loading=\"lazy\" decoding=\"async\" srcset=\"https:\/\/tierbusinessconsulting.com\/wp-content\/uploads\/2026\/04\/pexels-photo-32641818.jpeg ,https:\/\/tierbusinessconsulting.com\/wp-content\/uploads\/2026\/04\/pexels-photo-32641818.jpeg 780w, https:\/\/tierbusinessconsulting.com\/wp-content\/uploads\/2026\/04\/pexels-photo-32641818.jpeg 360w\" sizes=\"auto, (max-width: 480px) 150px\" src=\"https:\/\/tierbusinessconsulting.com\/wp-content\/uploads\/2026\/04\/pexels-photo-32641818.jpeg\" alt=\"Close-up image of various credit cards including Visa, Mastercard, and American Express.\" class=\"uag-image-7\" width=\"396\" height=\"380\" title=\"about-img\" role=\"img\"\/><\/figure><\/div>\n<\/div><\/div>\n\n\n\n<div class=\"wp-block-uagb-container uagb-block-b6c01382 alignfull uagb-is-root-container\"><div class=\"uagb-container-inner-blocks-wrap\">\n<div class=\"wp-block-uagb-image uagb-block-ee911b6e wp-block-uagb-image--layout-default wp-block-uagb-image--effect-static wp-block-uagb-image--align-none\"><figure class=\"wp-block-uagb-image__figure\"><img loading=\"lazy\" decoding=\"async\" srcset=\"https:\/\/tierbusinessconsulting.com\/wp-content\/uploads\/2026\/04\/pexels-photo-5816283.jpeg ,https:\/\/tierbusinessconsulting.com\/wp-content\/uploads\/2024\/07\/our-experience.jpg 780w, https:\/\/tierbusinessconsulting.com\/wp-content\/uploads\/2024\/07\/our-experience.jpg 360w\" sizes=\"auto, (max-width: 480px) 150px\" src=\"https:\/\/tierbusinessconsulting.com\/wp-content\/uploads\/2026\/04\/pexels-photo-5816283.jpeg\" alt=\"Business professionals analyzing financial charts and graphs during a meeting.\" class=\"uag-image-8\" width=\"1200\" height=\"450\" title=\"our-experience\" role=\"img\"\/><\/figure><\/div>\n\n\n\n<div class=\"wp-block-uagb-container uagb-block-3ac84b20\">\n<div class=\"wp-block-uagb-container uag-blocks-common-selector uagb-block-0bc34e4a\">\n<div class=\"wp-block-uagb-advanced-heading uagb-block-7752a12a\"><div class=\"uagb-separator\"><\/div><h2 class=\"uagb-heading-text\">Descubre nuestro compromiso con tu \u00e9xito crediticio<\/h2><\/div>\n\n\n\n<div class=\"wp-block-uagb-image uagb-block-d2071441 wp-block-uagb-image--layout-default wp-block-uagb-image--effect-static wp-block-uagb-image--align-none\"><figure class=\"wp-block-uagb-image__figure\"><img loading=\"lazy\" decoding=\"async\" srcset=\"https:\/\/tierbusinessconsulting.com\/wp-content\/uploads\/2026\/04\/pexels-photo-7821900.jpeg ,https:\/\/tierbusinessconsulting.com\/wp-content\/uploads\/2026\/04\/pexels-photo-7821900.jpeg 780w, https:\/\/tierbusinessconsulting.com\/wp-content\/uploads\/2026\/04\/pexels-photo-7821900.jpeg 360w\" sizes=\"auto, (max-width: 480px) 150px\" src=\"https:\/\/tierbusinessconsulting.com\/wp-content\/uploads\/2026\/04\/pexels-photo-7821900.jpeg\" alt=\"Professional man in suit holding multiple credit cards, emphasizing finance and business concept.\" class=\"uag-image-9\" width=\"560\" height=\"400\" title=\"about-02\" role=\"img\"\/><\/figure><\/div>\n<\/div>\n\n\n\n<div class=\"wp-block-uagb-advanced-heading uagb-block-90bd4abb\"><h3 class=\"uagb-heading-text\">En Tier Business Consulting, empoderamos a las personas para dominar sus perfiles de cr\u00e9dito y acceder a mayores oportunidades financieras.<\/h3><p class=\"uagb-desc-text\">Con un historial comprobado, Tier Business Consulting ha ayudado a sus clientes a optimizar sus perfiles de cr\u00e9dito, logrando mejores condiciones de pr\u00e9stamos, aumento en sus puntajes de cr\u00e9dito y mayor libertad financiera. Nuestro equipo de expertos est\u00e1 comprometido en brindar asesor\u00eda estrat\u00e9gica adaptada a las necesidades individuales, asegurando que cada cliente pueda navegar su camino financiero con confianza.<\/p><\/div>\n<\/div>\n<\/div><\/div>\n\n\n\n<div class=\"wp-block-uagb-container uagb-block-b7e83894 alignfull uagb-is-root-container\"><div class=\"uagb-container-inner-blocks-wrap\">\n<div class=\"wp-block-uagb-advanced-heading uagb-block-1fe48051\"><div class=\"uagb-separator\"><\/div><h2 class=\"uagb-heading-text\">\u00bfPor qu\u00e9 elegir Tier Business Consulting?<\/h2><p class=\"uagb-desc-text\">Nos enfocamos en ofrecer soluciones de cr\u00e9dito personalizadas que han transformado vidas, ayudando a nuestros clientes a lograr resultados financieros tangibles y alcanzar sus aspiraciones.<\/p><\/div>\n\n\n<div class=\"wp-block-uagb-faq uagb-faq__outer-wrap uagb-block-20e9f1df uagb-faq-icon-row-reverse uagb-faq-layout-accordion uagb-faq-expand-first-true uagb-faq-inactive-other-true uagb-faq__wrap uagb-buttons-layout-wrap uagb-faq-equal-height\" data-faqtoggle=\"true\" role=\"tablist\"><div class=\"wp-block-uagb-faq-child uagb-faq-child__outer-wrap uagb-faq-item uagb-block-e85bdb9d\" role=\"tab\" tabindex=\"0\"><div class=\"uagb-faq-questions-button uagb-faq-questions\">\t\t\t<span class=\"uagb-icon uagb-faq-icon-wrap\">\n\t\t\t\t\t\t\t\t<svg xmlns=\"https:\/\/www.w3.org\/2000\/svg\" viewbox= \"0 0 448 512\"><path d=\"M416 352c-8.188 0-16.38-3.125-22.62-9.375L224 173.3l-169.4 169.4c-12.5 12.5-32.75 12.5-45.25 0s-12.5-32.75 0-45.25l192-192c12.5-12.5 32.75-12.5 45.25 0l192 192c12.5 12.5 12.5 32.75 0 45.25C432.4 348.9 424.2 352 416 352z\"><\/path><\/svg>\n\t\t\t\t\t\t\t<\/span>\n\t\t\t\t\t\t<span class=\"uagb-icon-active uagb-faq-icon-wrap\">\n\t\t\t\t\t\t\t\t<svg xmlns=\"https:\/\/www.w3.org\/2000\/svg\" viewbox= \"0 0 448 512\"><path d=\"M224 416c-8.188 0-16.38-3.125-22.62-9.375l-192-192c-12.5-12.5-12.5-32.75 0-45.25s32.75-12.5 45.25 0L224 338.8l169.4-169.4c12.5-12.5 32.75-12.5 45.25 0s12.5 32.75 0 45.25l-192 192C240.4 412.9 232.2 416 224 416z\"><\/path><\/svg>\n\t\t\t\t\t\t\t<\/span>\n\t\t\t<span class=\"uagb-question\">Nuestra misi\u00f3n es tu empoderamiento financiero<\/span><\/div><div class=\"uagb-faq-content\"><p>En Tier Business Consulting, ofrecemos servicios personalizados de asesor\u00eda crediticia que empoderan a las personas para dominar y optimizar sus perfiles de cr\u00e9dito, logrando mayores oportunidades financieras.<\/p><\/div><\/div><div class=\"wp-block-uagb-faq-child uagb-faq-child__outer-wrap uagb-faq-item uagb-block-c1da3ed7\" role=\"tab\" tabindex=\"0\"><div class=\"uagb-faq-questions-button uagb-faq-questions\">\t\t\t<span class=\"uagb-icon uagb-faq-icon-wrap\">\n\t\t\t\t\t\t\t\t<svg xmlns=\"https:\/\/www.w3.org\/2000\/svg\" viewbox= \"0 0 448 512\"><path d=\"M416 352c-8.188 0-16.38-3.125-22.62-9.375L224 173.3l-169.4 169.4c-12.5 12.5-32.75 12.5-45.25 0s-12.5-32.75 0-45.25l192-192c12.5-12.5 32.75-12.5 45.25 0l192 192c12.5 12.5 12.5 32.75 0 45.25C432.4 348.9 424.2 352 416 352z\"><\/path><\/svg>\n\t\t\t\t\t\t\t<\/span>\n\t\t\t\t\t\t<span class=\"uagb-icon-active uagb-faq-icon-wrap\">\n\t\t\t\t\t\t\t\t<svg xmlns=\"https:\/\/www.w3.org\/2000\/svg\" viewbox= \"0 0 448 512\"><path d=\"M224 416c-8.188 0-16.38-3.125-22.62-9.375l-192-192c-12.5-12.5-12.5-32.75 0-45.25s32.75-12.5 45.25 0L224 338.8l169.4-169.4c12.5-12.5 32.75-12.5 45.25 0s12.5 32.75 0 45.25l-192 192C240.4 412.9 232.2 416 224 416z\"><\/path><\/svg>\n\t\t\t\t\t\t\t<\/span>\n\t\t\t<span class=\"uagb-question\">Visi\u00f3n: Transformando el cr\u00e9dito, transformando vidas<\/span><\/div><div class=\"uagb-faq-content\"><p>We envision a world where every individual has the knowledge and tools to take control of their credit, leading to improved financial stability and opportunities.<\/p><\/div><\/div><div class=\"wp-block-uagb-faq-child uagb-faq-child__outer-wrap uagb-faq-item uagb-block-7b419e9c\" role=\"tab\" tabindex=\"0\"><div class=\"uagb-faq-questions-button uagb-faq-questions\">\t\t\t<span class=\"uagb-icon uagb-faq-icon-wrap\">\n\t\t\t\t\t\t\t\t<svg xmlns=\"https:\/\/www.w3.org\/2000\/svg\" viewbox= \"0 0 448 512\"><path d=\"M416 352c-8.188 0-16.38-3.125-22.62-9.375L224 173.3l-169.4 169.4c-12.5 12.5-32.75 12.5-45.25 0s-12.5-32.75 0-45.25l192-192c12.5-12.5 32.75-12.5 45.25 0l192 192c12.5 12.5 12.5 32.75 0 45.25C432.4 348.9 424.2 352 416 352z\"><\/path><\/svg>\n\t\t\t\t\t\t\t<\/span>\n\t\t\t\t\t\t<span class=\"uagb-icon-active uagb-faq-icon-wrap\">\n\t\t\t\t\t\t\t\t<svg xmlns=\"https:\/\/www.w3.org\/2000\/svg\" viewbox= \"0 0 448 512\"><path d=\"M224 416c-8.188 0-16.38-3.125-22.62-9.375l-192-192c-12.5-12.5-12.5-32.75 0-45.25s32.75-12.5 45.25 0L224 338.8l169.4-169.4c12.5-12.5 32.75-12.5 45.25 0s12.5 32.75 0 45.25l-192 192C240.4 412.9 232.2 416 224 416z\"><\/path><\/svg>\n\t\t\t\t\t\t\t<\/span>\n\t\t\t<span class=\"uagb-question\">Valores fundamentales que nos impulsan<\/span><\/div><div class=\"uagb-faq-content\"><p>Integrity, transparency, and client success are the cornerstones of Tier Business Consulting, guiding our approach to delivering effective credit solutions.<\/p><\/div><\/div><div class=\"wp-block-uagb-faq-child uagb-faq-child__outer-wrap uagb-faq-item uagb-block-fa45c94f\" role=\"tab\" tabindex=\"0\"><div class=\"uagb-faq-questions-button uagb-faq-questions\">\t\t\t<span class=\"uagb-icon uagb-faq-icon-wrap\">\n\t\t\t\t\t\t\t\t<svg xmlns=\"https:\/\/www.w3.org\/2000\/svg\" viewbox= \"0 0 448 512\"><path d=\"M416 352c-8.188 0-16.38-3.125-22.62-9.375L224 173.3l-169.4 169.4c-12.5 12.5-32.75 12.5-45.25 0s-12.5-32.75 0-45.25l192-192c12.5-12.5 32.75-12.5 45.25 0l192 192c12.5 12.5 12.5 32.75 0 45.25C432.4 348.9 424.2 352 416 352z\"><\/path><\/svg>\n\t\t\t\t\t\t\t<\/span>\n\t\t\t\t\t\t<span class=\"uagb-icon-active uagb-faq-icon-wrap\">\n\t\t\t\t\t\t\t\t<svg xmlns=\"https:\/\/www.w3.org\/2000\/svg\" viewbox= \"0 0 448 512\"><path d=\"M224 416c-8.188 0-16.38-3.125-22.62-9.375l-192-192c-12.5-12.5-12.5-32.75 0-45.25s32.75-12.5 45.25 0L224 338.8l169.4-169.4c12.5-12.5 32.75-12.5 45.25 0s12.5 32.75 0 45.25l-192 192C240.4 412.9 232.2 416 224 416z\"><\/path><\/svg>\n\t\t\t\t\t\t\t<\/span>\n\t\t\t<span class=\"uagb-question\">Excelencia reconocida en asesor\u00eda crediticia<\/span><\/div><div class=\"uagb-faq-content\"><p>Tier Business Consulting has received accolades for its commitment to client satisfaction and industry-leading credit strategies.<\/p><\/div><\/div><\/div><\/div><\/div>\n\n\n\n<div class=\"wp-block-uagb-container uagb-block-71d5d729 alignfull uagb-is-root-container\"><div class=\"uagb-container-inner-blocks-wrap\">\n<div class=\"wp-block-uagb-advanced-heading uagb-block-c0ed63b6\"><div class=\"uagb-separator\"><\/div><h2 class=\"uagb-heading-text\">Nuestra trayectoria en asesor\u00eda crediticia<\/h2><p class=\"uagb-desc-text\">Fundada en 2020, Tier Business Consulting se convirti\u00f3 r\u00e1pidamente en un nombre de confianza en la asesor\u00eda crediticia, dedicada a transformar la situaci\u00f3n financiera de sus clientes.<\/p><\/div>\n\n\n\n<div class=\"wp-block-uagb-image uagb-block-3b882c31 wp-block-uagb-image--layout-default wp-block-uagb-image--effect-static wp-block-uagb-image--align-none\"><figure class=\"wp-block-uagb-image__figure\"><img loading=\"lazy\" decoding=\"async\" srcset=\"https:\/\/tierbusinessconsulting.com\/wp-content\/uploads\/2026\/04\/pexels-photo-259200.jpeg ,https:\/\/tierbusinessconsulting.com\/wp-content\/uploads\/2024\/08\/ours-journey.jpg 780w, https:\/\/tierbusinessconsulting.com\/wp-content\/uploads\/2024\/08\/ours-journey.jpg 360w\" sizes=\"auto, (max-width: 480px) 150px\" src=\"https:\/\/tierbusinessconsulting.com\/wp-content\/uploads\/2026\/04\/pexels-photo-259200.jpeg\" alt=\"Macro shot of credit cards showing Visa and Mastercard logos next to a wallet, ideal for finance themes.\" class=\"uag-image-11\" width=\"360\" height=\"460\" title=\"ours-journey\" role=\"img\"\/><\/figure><\/div>\n\n\n\n<div class=\"wp-block-uagb-advanced-heading uagb-block-441d128f\"><h3 class=\"uagb-heading-text\">Impacto creciente y horizontes en expansi\u00f3n en la asesor\u00eda crediticia<\/h3><p class=\"uagb-desc-text\">Desde nuestros inicios, Tier Business Consulting ha ampliado constantemente su alcance, impactando a miles de clientes mediante an\u00e1lisis crediticio experto, estrategias de optimizaci\u00f3n innovadoras y apoyo personalizado. Seguimos comprometidos con la evoluci\u00f3n de nuestros servicios para satisfacer las necesidades din\u00e1micas de nuestra clientela.<\/p><\/div>\n<\/div><\/div>","protected":false},"excerpt":{"rendered":"<p>Empowering Your Financial Future Discover Our Commitment to Your Credit Success At Tier Business Consulting, we empower individuals to master [&hellip;]<\/p>\n","protected":false},"author":1,"featured_media":0,"parent":0,"menu_order":0,"comment_status":"closed","ping_status":"closed","template":"","meta":{"_uag_custom_page_level_css":"","site-sidebar-layout":"default","site-content-layout":"","ast-site-content-layout":"default","site-content-style":"default","site-sidebar-style":"default","ast-global-header-display":"","ast-banner-title-visibility":"","ast-main-header-display":"","ast-hfb-above-header-display":"","ast-hfb-below-header-display":"","ast-hfb-mobile-header-display":"","site-post-title":"disabled","ast-breadcrumbs-content":"","ast-featured-img":"","footer-sml-layout":"","ast-disable-related-posts":"","theme-transparent-header-meta":"","adv-header-id-meta":"","stick-header-meta":"","header-above-stick-meta":"","header-main-stick-meta":"","header-below-stick-meta":"","astra-migrate-meta-layouts":"default","ast-page-background-enabled":"default","ast-page-background-meta":{"desktop":{"background-color":"var(--ast-global-color-4)","background-image":"","background-repeat":"repeat","background-position":"center center","background-size":"auto","background-attachment":"scroll","background-type":"","background-media":"","overlay-type":"","overlay-color":"","overlay-opacity":"","overlay-gradient":""},"tablet":{"background-color":"","background-image":"","background-repeat":"repeat","background-position":"center center","background-size":"auto","background-attachment":"scroll","background-type":"","background-media":"","overlay-type":"","overlay-color":"","overlay-opacity":"","overlay-gradient":""},"mobile":{"background-color":"","background-image":"","background-repeat":"repeat","background-position":"center center","background-size":"auto","background-attachment":"scroll","background-type":"","background-media":"","overlay-type":"","overlay-color":"","overlay-opacity":"","overlay-gradient":""}},"ast-content-background-meta":{"desktop":{"background-color":"var(--ast-global-color-5)","background-image":"","background-repeat":"repeat","background-position":"center center","background-size":"auto","background-attachment":"scroll","background-type":"","background-media":"","overlay-type":"","overlay-color":"","overlay-opacity":"","overlay-gradient":""},"tablet":{"background-color":"var(--ast-global-color-5)","background-image":"","background-repeat":"repeat","background-position":"center center","background-size":"auto","background-attachment":"scroll","background-type":"","background-media":"","overlay-type":"","overlay-color":"","overlay-opacity":"","overlay-gradient":""},"mobile":{"background-color":"var(--ast-global-color-5)","background-image":"","background-repeat":"repeat","background-position":"center center","background-size":"auto","background-attachment":"scroll","background-type":"","background-media":"","overlay-type":"","overlay-color":"","overlay-opacity":"","overlay-gradient":""}},"footnotes":""},"class_list":["post-298","page","type-page","status-publish","hentry"],"uagb_featured_image_src":{"full":false,"thumbnail":false,"medium":false,"medium_large":false,"large":false,"1536x1536":false,"2048x2048":false,"trp-custom-language-flag":false},"uagb_author_info":{"display_name":"tbc15","author_link":"https:\/\/tierbusinessconsulting.com\/es\/author\/tbc15\/"},"uagb_comment_info":0,"uagb_excerpt":"Empowering Your Financial Future Discover Our Commitment to Your Credit Success At Tier Business Consulting, we empower individuals to master [&hellip;]","_links":{"self":[{"href":"https:\/\/tierbusinessconsulting.com\/es\/wp-json\/wp\/v2\/pages\/298","targetHints":{"allow":["GET"]}}],"collection":[{"href":"https:\/\/tierbusinessconsulting.com\/es\/wp-json\/wp\/v2\/pages"}],"about":[{"href":"https:\/\/tierbusinessconsulting.com\/es\/wp-json\/wp\/v2\/types\/page"}],"author":[{"embeddable":true,"href":"https:\/\/tierbusinessconsulting.com\/es\/wp-json\/wp\/v2\/users\/1"}],"replies":[{"embeddable":true,"href":"https:\/\/tierbusinessconsulting.com\/es\/wp-json\/wp\/v2\/comments?post=298"}],"version-history":[{"count":3,"href":"https:\/\/tierbusinessconsulting.com\/es\/wp-json\/wp\/v2\/pages\/298\/revisions"}],"predecessor-version":[{"id":552,"href":"https:\/\/tierbusinessconsulting.com\/es\/wp-json\/wp\/v2\/pages\/298\/revisions\/552"}],"wp:attachment":[{"href":"https:\/\/tierbusinessconsulting.com\/es\/wp-json\/wp\/v2\/media?parent=298"}],"curies":[{"name":"wp","href":"https:\/\/api.w.org\/{rel}","templated":true}]}}